{"id":1950,"date":"2019-08-20T12:10:13","date_gmt":"2019-08-20T11:10:13","guid":{"rendered":"https:\/\/villaharmonie-antibes.com\/contactez-nous\/"},"modified":"2023-01-08T18:47:11","modified_gmt":"2023-01-08T17:47:11","slug":"contactez-nous","status":"publish","type":"page","link":"https:\/\/villaharmonie-antibes.com\/fr\/contactez-nous\/","title":{"rendered":"Contactez-nous"},"content":{"rendered":"\n<div class=\"wp-block-columns has-2-columns is-layout-flex wp-container-core-columns-is-layout-28f84493 wp-block-columns-is-layout-flex\">\n<div class=\"wp-block-column is-layout-flow wp-block-column-is-layout-flow\">\n<div class=\"wp-block-getwid-advanced-heading\" style=\"margin-bottom:30px\"><h2 class=\"wp-block-getwid-advanced-heading__content\" style=\"font-family:&quot;Albert Sans&quot;;font-weight:normal\">Demande de r\u00e9servation<\/h2><\/div>\n\n\n\n<div class=\"wp-block-getwid-advanced-heading\"><span class=\"wp-block-getwid-advanced-heading__content\" style=\"font-family:\"Albert Sans\";font-weight:normal\">Envoyez-nous votre demande en pr\u00e9cisant le nombre de personnes et les dates souhait\u00e9es et nous vous r\u00e9pondrons dans les plus brefs d\u00e9lais.<\/span><\/div>\n\n\n\n<div class=\"wp-block-getwid-advanced-heading\"><span class=\"wp-block-getwid-advanced-heading__content\" style=\"font-family:\"Albert Sans\";font-weight:normal\">Veuillez prendre connaissance de nos <a href=\"https:\/\/villaharmonie-antibes.com\/fr\/conditions-de-location-copy\/\">conditions de locations<\/a> avant de nous contacter.<\/span><\/div>\n\n\n\n<div class=\"wp-block-getwid-advanced-heading has-custom-font-size\" style=\"font-size:14px;margin-bottom:0px\"><span class=\"wp-block-getwid-advanced-heading__content\" style=\"font-family:\"Albert Sans\";font-weight:normal\"><strong>Adresse<\/strong><\/span><\/div>\n\n\n\n<div class=\"wp-block-getwid-advanced-heading has-custom-font-size\" style=\"font-size:normal\"><span class=\"wp-block-getwid-advanced-heading__content has-text-color has-arsenic-color\" style=\"font-family:\"Albert Sans\";font-weight:normal\">Chemin des Terres Blanches, 06600 Antibes<\/span><\/div>\n\n\n\n<div class=\"wp-block-getwid-advanced-heading has-custom-font-size\" style=\"font-size:14px;margin-bottom:0px\"><span class=\"wp-block-getwid-advanced-heading__content\" style=\"font-family:\"Albert Sans\";font-weight:normal\"><strong>T\u00e9l\u00e9phone<\/strong><\/span><\/div>\n\n\n\n<div class=\"wp-block-getwid-advanced-heading has-custom-font-size\" style=\"font-size:normal\"><span class=\"wp-block-getwid-advanced-heading__content has-text-color has-arsenic-color\" style=\"font-family:\"Albert Sans\";font-weight:normal\"><a href=\"tel:19544566789\">+33 615 38 80 92<\/a><\/span><\/div>\n\n\n\n<div class=\"wp-block-getwid-advanced-heading has-custom-font-size\" style=\"font-size:14px;margin-bottom:0px\"><span class=\"wp-block-getwid-advanced-heading__content\" style=\"font-family:\"Albert Sans\";font-weight:normal\"><strong>Email<\/strong><\/span><\/div>\n\n\n\n<div class=\"wp-block-getwid-advanced-heading has-custom-font-size\" style=\"font-size:normal\"><span class=\"wp-block-getwid-advanced-heading__content has-text-color has-arsenic-color\" style=\"font-family:\"Albert Sans\";font-weight:normal\"><a href=\"mailto:info@villaharmonie-antibes.com\">info@villaharmonie-antibes.com <\/a><\/span><\/div>\n<\/div>\n\n\n\n<div class=\"wp-block-column is-layout-flow wp-block-column-is-layout-flow\">\n<div class=\"wp-block-getwid-section is-style-with-big-shadow\"><div class=\"wp-block-getwid-section__wrapper getwid-padding-top-medium getwid-padding-bottom-medium getwid-padding-left-medium getwid-padding-right-medium\"><div class=\"wp-block-getwid-section__inner-wrapper\"><div class=\"wp-block-getwid-section__background-holder\"><div class=\"wp-block-getwid-section__background has-background has-white-background-color\"><\/div><div class=\"wp-block-getwid-section__foreground\"><\/div><\/div><div class=\"wp-block-getwid-section__content\"><div class=\"wp-block-getwid-section__inner-content\">        <div class=\"wp-block-getwid-contact-form\" >\n            <form class='wp-block-getwid-contact-form__form'>\n    \n        <p class='wp-block-getwid-field-name'>\n\t    <label\n        for='name-69fb1c6b8b744'\n        class='wp-block-getwid-field-name__label'\n    >Nom, pr\u00e9nom *<\/label>\n\t    <input id='name-69fb1c6b8b744' type='text' name='name'            placeholder='Nom, pr\u00e9nom'             required=''\n            \/>\n<\/p>\n\n\n        <p class='wp-block-getwid-field-email'>\n\t    <label\n\t\tfor='email-69fb1c6b8bb64'\n        class='wp-block-getwid-field-email__label'\n    >Votre Email *<\/label>\n\t    <input id='email-69fb1c6b8bb64' type='email' name='email'             placeholder='Email'             required=''    \/>\n<\/p>\n\n\n        <p class='wp-block-getwid-field-textarea'>\n\t    <label\n\t\tfor='message-69fb1c6b8beb7'\n        class='wp-block-getwid-field-textarea__label'\n    >D\u00e9tails de votre demande<\/label>\n\t    <textarea\n\t\tid='message-69fb1c6b8beb7' rows='5' name='message'            placeholder='Merci de pr\u00e9ciser le nombre de personnes et les dates souhait\u00e9es'            required=''\n            ><\/textarea>\n<\/p>\n\n\n    <input name='subject' \t\ttype='hidden'\n\t\/>\n\n\t<p class='wp-block-getwid-contact-form__result'><\/p>\n\n\t<div class='wp-block-getwid-contact-form__submit'>\n\t\t<div class='wp-block-button'>\n\t\t\t<button\n\t\t\t\ttype='submit'\n\t\t\t\tclass='wp-block-button__link '\t\t\t\t\tstyle=''\t\t\t>Envoyer<\/button>\n\t\t<\/div>\n\n\t<\/div>\n<\/form>\n        <\/div><\/div><\/div><\/div><\/div><\/div>\n<\/div>\n<\/div>\n\n\n\n<div style=\"height:19px\" aria-hidden=\"true\" class=\"wp-block-spacer\"><\/div>\n\n\n\n<hr class=\"wp-block-separator has-css-opacity is-style-wide\"\/>\n\n\n\n<div style=\"height:30px\" aria-hidden=\"true\" class=\"wp-block-spacer\"><\/div>\n\n\n\n<div class=\"wp-block-getwid-advanced-heading\" style=\"margin-bottom:5px\"><h2 class=\"wp-block-getwid-advanced-heading__content\" style=\"text-align:center;font-family:\"Albert Sans\";font-weight:normal\"><strong>Infos utiles<\/strong><\/h2><\/div>\n\n\n\n<div style=\"height:30px\" aria-hidden=\"true\" class=\"wp-block-spacer\"><\/div>\n\n\n\n<ul class=\"wp-block-list\">\n<li>Capacit\u00e9 de la villa: 6 personnes, adultes et enfants de plus de 8 ans<\/li>\n\n\n\n<li>Les animaux domestiques ne sont pas admis<\/li>\n\n\n\n<li>La Villa Harmonie est non fumeur<\/li>\n\n\n\n<li>Conditions d&rsquo;annulation: plus de 30 jours avant l&rsquo;arriv\u00e9e, 25% du prix de la location, moins de 30 jours avant l&rsquo;arriv\u00e9e, 100% du prix de la location. Nous vous conseillons de prendre une assurance annulation.<\/li>\n\n\n\n<li>D\u00e9p\u00f4t de garantie de 500 euros payable avec le loyer, rembours\u00e9 sous huitaine apr\u00e8s le d\u00e9part.<\/li>\n<\/ul>\n","protected":false},"excerpt":{"rendered":"<p>Veuillez nous contacter directement si vous avez des questions sur la location. Merci pour votre int\u00e9r\u00eat.<\/p>\n","protected":false},"author":1,"featured_media":0,"parent":0,"menu_order":0,"comment_status":"closed","ping_status":"closed","template":"template-wide-page.php","meta":{"footnotes":""},"class_list":["post-1950","page","type-page","status-publish","hentry"],"yoast_head":"<!-- This site is optimized with the Yoast SEO plugin v27.5 - https:\/\/yoast.com\/product\/yoast-seo-wordpress\/ -->\n<title>Contactez-nous - Villa Harmonie Antibes<\/title>\n<meta name=\"robots\" content=\"index, follow, max-snippet:-1, max-image-preview:large, max-video-preview:-1\" \/>\n<link rel=\"canonical\" href=\"https:\/\/villaharmonie-antibes.com\/fr\/contactez-nous\/\" \/>\n<meta property=\"og:locale\" content=\"fr_FR\" \/>\n<meta property=\"og:type\" content=\"article\" \/>\n<meta property=\"og:title\" content=\"Contactez-nous - Villa Harmonie Antibes\" \/>\n<meta property=\"og:description\" content=\"Veuillez nous contacter directement si vous avez des questions sur la location. Merci pour votre int\u00e9r\u00eat.\" \/>\n<meta property=\"og:url\" content=\"https:\/\/villaharmonie-antibes.com\/fr\/contactez-nous\/\" \/>\n<meta property=\"og:site_name\" content=\"Villa Harmonie Antibes\" \/>\n<meta property=\"article:modified_time\" content=\"2023-01-08T17:47:11+00:00\" \/>\n<meta name=\"twitter:card\" content=\"summary_large_image\" \/>\n<meta name=\"twitter:label1\" content=\"Dur\u00e9e de lecture estim\u00e9e\" \/>\n\t<meta name=\"twitter:data1\" content=\"1 minute\" \/>\n<script type=\"application\/ld+json\" class=\"yoast-schema-graph\">{\"@context\":\"https:\\\/\\\/schema.org\",\"@graph\":[{\"@type\":\"WebPage\",\"@id\":\"https:\\\/\\\/villaharmonie-antibes.com\\\/fr\\\/contactez-nous\\\/\",\"url\":\"https:\\\/\\\/villaharmonie-antibes.com\\\/fr\\\/contactez-nous\\\/\",\"name\":\"Contactez-nous - Villa Harmonie Antibes\",\"isPartOf\":{\"@id\":\"https:\\\/\\\/villaharmonie-antibes.com\\\/fr\\\/#website\"},\"datePublished\":\"2019-08-20T11:10:13+00:00\",\"dateModified\":\"2023-01-08T17:47:11+00:00\",\"breadcrumb\":{\"@id\":\"https:\\\/\\\/villaharmonie-antibes.com\\\/fr\\\/contactez-nous\\\/#breadcrumb\"},\"inLanguage\":\"fr-FR\",\"potentialAction\":[{\"@type\":\"ReadAction\",\"target\":[\"https:\\\/\\\/villaharmonie-antibes.com\\\/fr\\\/contactez-nous\\\/\"]}]},{\"@type\":\"BreadcrumbList\",\"@id\":\"https:\\\/\\\/villaharmonie-antibes.com\\\/fr\\\/contactez-nous\\\/#breadcrumb\",\"itemListElement\":[{\"@type\":\"ListItem\",\"position\":1,\"name\":\"Home\",\"item\":\"https:\\\/\\\/villaharmonie-antibes.com\\\/fr\\\/\"},{\"@type\":\"ListItem\",\"position\":2,\"name\":\"Contactez-nous\"}]},{\"@type\":\"WebSite\",\"@id\":\"https:\\\/\\\/villaharmonie-antibes.com\\\/fr\\\/#website\",\"url\":\"https:\\\/\\\/villaharmonie-antibes.com\\\/fr\\\/\",\"name\":\"Villa Harmonie Antibes\",\"description\":\"Location villa de caract\u00e8re \u00e0 Antibes\",\"publisher\":{\"@id\":\"https:\\\/\\\/villaharmonie-antibes.com\\\/fr\\\/#organization\"},\"potentialAction\":[{\"@type\":\"SearchAction\",\"target\":{\"@type\":\"EntryPoint\",\"urlTemplate\":\"https:\\\/\\\/villaharmonie-antibes.com\\\/fr\\\/?s={search_term_string}\"},\"query-input\":{\"@type\":\"PropertyValueSpecification\",\"valueRequired\":true,\"valueName\":\"search_term_string\"}}],\"inLanguage\":\"fr-FR\"},{\"@type\":\"Organization\",\"@id\":\"https:\\\/\\\/villaharmonie-antibes.com\\\/fr\\\/#organization\",\"name\":\"Villa Harmonie Antibes\",\"url\":\"https:\\\/\\\/villaharmonie-antibes.com\\\/fr\\\/\",\"logo\":{\"@type\":\"ImageObject\",\"inLanguage\":\"fr-FR\",\"@id\":\"https:\\\/\\\/villaharmonie-antibes.com\\\/fr\\\/#\\\/schema\\\/logo\\\/image\\\/\",\"url\":\"https:\\\/\\\/villaharmonie-antibes.com\\\/wp-content\\\/uploads\\\/2022\\\/12\\\/cropped-2022-12-27_14-36-39.jpg\",\"contentUrl\":\"https:\\\/\\\/villaharmonie-antibes.com\\\/wp-content\\\/uploads\\\/2022\\\/12\\\/cropped-2022-12-27_14-36-39.jpg\",\"width\":512,\"height\":512,\"caption\":\"Villa Harmonie Antibes\"},\"image\":{\"@id\":\"https:\\\/\\\/villaharmonie-antibes.com\\\/fr\\\/#\\\/schema\\\/logo\\\/image\\\/\"}}]}<\/script>\n<!-- \/ Yoast SEO plugin. -->","yoast_head_json":{"title":"Contactez-nous - Villa Harmonie Antibes","robots":{"index":"index","follow":"follow","max-snippet":"max-snippet:-1","max-image-preview":"max-image-preview:large","max-video-preview":"max-video-preview:-1"},"canonical":"https:\/\/villaharmonie-antibes.com\/fr\/contactez-nous\/","og_locale":"fr_FR","og_type":"article","og_title":"Contactez-nous - Villa Harmonie Antibes","og_description":"Veuillez nous contacter directement si vous avez des questions sur la location. Merci pour votre int\u00e9r\u00eat.","og_url":"https:\/\/villaharmonie-antibes.com\/fr\/contactez-nous\/","og_site_name":"Villa Harmonie Antibes","article_modified_time":"2023-01-08T17:47:11+00:00","twitter_card":"summary_large_image","twitter_misc":{"Dur\u00e9e de lecture estim\u00e9e":"1 minute"},"schema":{"@context":"https:\/\/schema.org","@graph":[{"@type":"WebPage","@id":"https:\/\/villaharmonie-antibes.com\/fr\/contactez-nous\/","url":"https:\/\/villaharmonie-antibes.com\/fr\/contactez-nous\/","name":"Contactez-nous - Villa Harmonie Antibes","isPartOf":{"@id":"https:\/\/villaharmonie-antibes.com\/fr\/#website"},"datePublished":"2019-08-20T11:10:13+00:00","dateModified":"2023-01-08T17:47:11+00:00","breadcrumb":{"@id":"https:\/\/villaharmonie-antibes.com\/fr\/contactez-nous\/#breadcrumb"},"inLanguage":"fr-FR","potentialAction":[{"@type":"ReadAction","target":["https:\/\/villaharmonie-antibes.com\/fr\/contactez-nous\/"]}]},{"@type":"BreadcrumbList","@id":"https:\/\/villaharmonie-antibes.com\/fr\/contactez-nous\/#breadcrumb","itemListElement":[{"@type":"ListItem","position":1,"name":"Home","item":"https:\/\/villaharmonie-antibes.com\/fr\/"},{"@type":"ListItem","position":2,"name":"Contactez-nous"}]},{"@type":"WebSite","@id":"https:\/\/villaharmonie-antibes.com\/fr\/#website","url":"https:\/\/villaharmonie-antibes.com\/fr\/","name":"Villa Harmonie Antibes","description":"Location villa de caract\u00e8re \u00e0 Antibes","publisher":{"@id":"https:\/\/villaharmonie-antibes.com\/fr\/#organization"},"potentialAction":[{"@type":"SearchAction","target":{"@type":"EntryPoint","urlTemplate":"https:\/\/villaharmonie-antibes.com\/fr\/?s={search_term_string}"},"query-input":{"@type":"PropertyValueSpecification","valueRequired":true,"valueName":"search_term_string"}}],"inLanguage":"fr-FR"},{"@type":"Organization","@id":"https:\/\/villaharmonie-antibes.com\/fr\/#organization","name":"Villa Harmonie Antibes","url":"https:\/\/villaharmonie-antibes.com\/fr\/","logo":{"@type":"ImageObject","inLanguage":"fr-FR","@id":"https:\/\/villaharmonie-antibes.com\/fr\/#\/schema\/logo\/image\/","url":"https:\/\/villaharmonie-antibes.com\/wp-content\/uploads\/2022\/12\/cropped-2022-12-27_14-36-39.jpg","contentUrl":"https:\/\/villaharmonie-antibes.com\/wp-content\/uploads\/2022\/12\/cropped-2022-12-27_14-36-39.jpg","width":512,"height":512,"caption":"Villa Harmonie Antibes"},"image":{"@id":"https:\/\/villaharmonie-antibes.com\/fr\/#\/schema\/logo\/image\/"}}]}},"_links":{"self":[{"href":"https:\/\/villaharmonie-antibes.com\/fr\/wp-json\/wp\/v2\/pages\/1950","targetHints":{"allow":["GET"]}}],"collection":[{"href":"https:\/\/villaharmonie-antibes.com\/fr\/wp-json\/wp\/v2\/pages"}],"about":[{"href":"https:\/\/villaharmonie-antibes.com\/fr\/wp-json\/wp\/v2\/types\/page"}],"author":[{"embeddable":true,"href":"https:\/\/villaharmonie-antibes.com\/fr\/wp-json\/wp\/v2\/users\/1"}],"replies":[{"embeddable":true,"href":"https:\/\/villaharmonie-antibes.com\/fr\/wp-json\/wp\/v2\/comments?post=1950"}],"version-history":[{"count":2,"href":"https:\/\/villaharmonie-antibes.com\/fr\/wp-json\/wp\/v2\/pages\/1950\/revisions"}],"predecessor-version":[{"id":1955,"href":"https:\/\/villaharmonie-antibes.com\/fr\/wp-json\/wp\/v2\/pages\/1950\/revisions\/1955"}],"wp:attachment":[{"href":"https:\/\/villaharmonie-antibes.com\/fr\/wp-json\/wp\/v2\/media?parent=1950"}],"curies":[{"name":"wp","href":"https:\/\/api.w.org\/{rel}","templated":true}]}}