{"id":1851,"date":"2023-01-04T13:10:33","date_gmt":"2023-01-04T12:10:33","guid":{"rendered":"https:\/\/villaharmonie-antibes.com\/reservation\/"},"modified":"2023-01-09T19:44:21","modified_gmt":"2023-01-09T18:44:21","slug":"reservation","status":"publish","type":"page","link":"https:\/\/villaharmonie-antibes.com\/fr\/reservation\/","title":{"rendered":"R\u00e9server"},"content":{"rendered":"\n<div role=\"navigation\" aria-label=\"S\u00e9lecteur de langue\" class=\"wpml-ls-statics-shortcode_actions wpml-ls wpml-ls-legacy-list-horizontal\">\n\t<ul><li class=\"wpml-ls-slot-shortcode_actions wpml-ls-item wpml-ls-item-en wpml-ls-first-item wpml-ls-last-item wpml-ls-item-legacy-list-horizontal\">\n\t\t\t\t<a href=\"https:\/\/villaharmonie-antibes.com\/\" hreflang=\"en\" lang=\"en\" class=\"wpml-ls-link\" aria-label=\"Passer \u00e0 English\" title=\"Passer \u00e0 English\">\n\t\t\t\t\t                                    <img decoding=\"async\"\n            class=\"wpml-ls-flag\"\n            src=\"https:\/\/villaharmonie-antibes.com\/wp-content\/plugins\/sitepress-multilingual-cms\/res\/flags\/en.png\"\n            alt=\"\"\n            loading=\"lazy\"\n            width=18\n            height=12\n    \/><span class=\"wpml-ls-native\">English<\/span><\/a>\n\t\t\t<\/li><\/ul>\n<\/div>\n\n\n\n<div class=\"mphb_sc_room-wrapper \"><div class=\"mphb-room-type post-1855 mphb_room_type type-mphb_room_type status-publish has-post-thumbnail mphb_room_type_facility-chauffage-central mphb_room_type_facility-climatisation mphb_room_type_facility-parking-prive mphb_room_type_facility-seche-cheveux mphb_room_type_facility-serviettes-et-linge-de-maison mphb_room_type_facility-terrasse mphb_room_type_facility-wi-fi-fr mphb-room-type-adults-6 mphb-room-type-children-2 \">\n\n\t\n    <div class=\"loop-room-wrapper\">\n\t\t            <div class=\"loop-room-images-wrapper\">\n\t\t\t\t\n\n\t<div class=\"mphb-room-type-images\">\n\t<div id='mphb-flexslider-gallery-1' class='gallery-columns-1 gallery-size-booklium-square mphb-gallery-main-slider mphb-flexslider-gallery-wrapper mphb-room-type-gallery-wrapper mphb-gallery-main-slider-69fb1bbdd95b3' data-flexslider-atts='{\"animation\":\"slide\",\"controlNav\":false,\"animationLoop\":true,\"smoothHeight\":true,\"slideshow\":false}' data-group='69fb1bbdd95b3'><ul class=\"slides\"><li class='gallery-item'><span class='gallery-icon landscape'>\n\t\t\t\t<a href=\"https:\/\/villaharmonie-antibes.com\/fr\/accommodation\/villa-harmonie\/\"><img loading=\"lazy\" decoding=\"async\" width=\"892\" height=\"892\" src=\"https:\/\/villaharmonie-antibes.com\/wp-content\/uploads\/2022\/12\/salon1-2000-892x892.jpg\" class=\"attachment-booklium-square size-booklium-square\" alt=\"\" srcset=\"https:\/\/villaharmonie-antibes.com\/wp-content\/uploads\/2022\/12\/salon1-2000-892x892.jpg 892w, https:\/\/villaharmonie-antibes.com\/wp-content\/uploads\/2022\/12\/salon1-2000-150x150.jpg 150w\" sizes=\"auto, (max-width: 892px) 100vw, 892px\" \/><\/a>\n\t\t\t<\/span><\/li><li class='gallery-item'><span class='gallery-icon landscape'>\n\t\t\t\t<a href=\"https:\/\/villaharmonie-antibes.com\/fr\/accommodation\/villa-harmonie\/\"><img loading=\"lazy\" decoding=\"async\" width=\"892\" height=\"892\" src=\"https:\/\/villaharmonie-antibes.com\/wp-content\/uploads\/2022\/12\/chambre22-2000-892x892.jpg\" class=\"attachment-booklium-square size-booklium-square\" alt=\"\" srcset=\"https:\/\/villaharmonie-antibes.com\/wp-content\/uploads\/2022\/12\/chambre22-2000-892x892.jpg 892w, https:\/\/villaharmonie-antibes.com\/wp-content\/uploads\/2022\/12\/chambre22-2000-150x150.jpg 150w\" sizes=\"auto, (max-width: 892px) 100vw, 892px\" \/><\/a>\n\t\t\t<\/span><\/li><li class='gallery-item'><span class='gallery-icon landscape'>\n\t\t\t\t<a href=\"https:\/\/villaharmonie-antibes.com\/fr\/accommodation\/villa-harmonie\/\"><img loading=\"lazy\" decoding=\"async\" width=\"892\" height=\"892\" src=\"https:\/\/villaharmonie-antibes.com\/wp-content\/uploads\/2022\/12\/chambre12-2000-892x892.jpg\" class=\"attachment-booklium-square size-booklium-square\" alt=\"\" srcset=\"https:\/\/villaharmonie-antibes.com\/wp-content\/uploads\/2022\/12\/chambre12-2000-892x892.jpg 892w, https:\/\/villaharmonie-antibes.com\/wp-content\/uploads\/2022\/12\/chambre12-2000-150x150.jpg 150w\" sizes=\"auto, (max-width: 892px) 100vw, 892px\" \/><\/a>\n\t\t\t<\/span><\/li><li class='gallery-item'><span class='gallery-icon landscape'>\n\t\t\t\t<a href=\"https:\/\/villaharmonie-antibes.com\/fr\/accommodation\/villa-harmonie\/\"><img loading=\"lazy\" decoding=\"async\" width=\"892\" height=\"892\" src=\"https:\/\/villaharmonie-antibes.com\/wp-content\/uploads\/2022\/12\/archdetail-2000-892x892.jpg\" class=\"attachment-booklium-square size-booklium-square\" alt=\"\" srcset=\"https:\/\/villaharmonie-antibes.com\/wp-content\/uploads\/2022\/12\/archdetail-2000-892x892.jpg 892w, https:\/\/villaharmonie-antibes.com\/wp-content\/uploads\/2022\/12\/archdetail-2000-150x150.jpg 150w\" sizes=\"auto, (max-width: 892px) 100vw, 892px\" \/><\/a>\n\t\t\t<\/span><\/li><li class='gallery-item'><span class='gallery-icon landscape'>\n\t\t\t\t<a href=\"https:\/\/villaharmonie-antibes.com\/fr\/accommodation\/villa-harmonie\/\"><img loading=\"lazy\" decoding=\"async\" width=\"892\" height=\"892\" src=\"https:\/\/villaharmonie-antibes.com\/wp-content\/uploads\/2022\/12\/sdb-892x892.jpg\" class=\"attachment-booklium-square size-booklium-square\" alt=\"\" srcset=\"https:\/\/villaharmonie-antibes.com\/wp-content\/uploads\/2022\/12\/sdb-892x892.jpg 892w, https:\/\/villaharmonie-antibes.com\/wp-content\/uploads\/2022\/12\/sdb-150x150.jpg 150w\" sizes=\"auto, (max-width: 892px) 100vw, 892px\" \/><\/a>\n\t\t\t<\/span><\/li><li class='gallery-item'><span class='gallery-icon landscape'>\n\t\t\t\t<a href=\"https:\/\/villaharmonie-antibes.com\/fr\/accommodation\/villa-harmonie\/\"><img loading=\"lazy\" decoding=\"async\" width=\"892\" height=\"892\" src=\"https:\/\/villaharmonie-antibes.com\/wp-content\/uploads\/2022\/12\/salon1-892x892.jpg\" class=\"attachment-booklium-square size-booklium-square\" alt=\"\" srcset=\"https:\/\/villaharmonie-antibes.com\/wp-content\/uploads\/2022\/12\/salon1-892x892.jpg 892w, https:\/\/villaharmonie-antibes.com\/wp-content\/uploads\/2022\/12\/salon1-150x150.jpg 150w\" sizes=\"auto, (max-width: 892px) 100vw, 892px\" \/><\/a>\n\t\t\t<\/span><\/li><li class='gallery-item'><span class='gallery-icon landscape'>\n\t\t\t\t<a href=\"https:\/\/villaharmonie-antibes.com\/fr\/accommodation\/villa-harmonie\/\"><img loading=\"lazy\" decoding=\"async\" width=\"892\" height=\"892\" src=\"https:\/\/villaharmonie-antibes.com\/wp-content\/uploads\/2023\/01\/salonpiano-1-892x892.jpg\" class=\"attachment-booklium-square size-booklium-square\" alt=\"\" srcset=\"https:\/\/villaharmonie-antibes.com\/wp-content\/uploads\/2023\/01\/salonpiano-1-892x892.jpg 892w, https:\/\/villaharmonie-antibes.com\/wp-content\/uploads\/2023\/01\/salonpiano-1-150x150.jpg 150w\" sizes=\"auto, (max-width: 892px) 100vw, 892px\" \/><\/a>\n\t\t\t<\/span><\/li><li class='gallery-item'><span class='gallery-icon landscape'>\n\t\t\t\t<a href=\"https:\/\/villaharmonie-antibes.com\/fr\/accommodation\/villa-harmonie\/\"><img loading=\"lazy\" decoding=\"async\" width=\"892\" height=\"892\" src=\"https:\/\/villaharmonie-antibes.com\/wp-content\/uploads\/2023\/01\/outside1-892x892.jpg\" class=\"attachment-booklium-square size-booklium-square\" alt=\"\" aria-describedby=\"mphb-flexslider-gallery-1-1783\" srcset=\"https:\/\/villaharmonie-antibes.com\/wp-content\/uploads\/2023\/01\/outside1-892x892.jpg 892w, https:\/\/villaharmonie-antibes.com\/wp-content\/uploads\/2023\/01\/outside1-150x150.jpg 150w\" sizes=\"auto, (max-width: 892px) 100vw, 892px\" \/><\/a>\n\t\t\t<\/span><\/li><li class='gallery-item'><span class='gallery-icon landscape'>\n\t\t\t\t<a href=\"https:\/\/villaharmonie-antibes.com\/fr\/accommodation\/villa-harmonie\/\"><img loading=\"lazy\" decoding=\"async\" width=\"892\" height=\"892\" src=\"https:\/\/villaharmonie-antibes.com\/wp-content\/uploads\/2023\/01\/cuisne2-892x892.jpg\" class=\"attachment-booklium-square size-booklium-square\" alt=\"\" aria-describedby=\"mphb-flexslider-gallery-1-1781\" srcset=\"https:\/\/villaharmonie-antibes.com\/wp-content\/uploads\/2023\/01\/cuisne2-892x892.jpg 892w, https:\/\/villaharmonie-antibes.com\/wp-content\/uploads\/2023\/01\/cuisne2-150x150.jpg 150w\" sizes=\"auto, (max-width: 892px) 100vw, 892px\" \/><\/a>\n\t\t\t<\/span><\/li><li class='gallery-item'><span class='gallery-icon landscape'>\n\t\t\t\t<a href=\"https:\/\/villaharmonie-antibes.com\/fr\/accommodation\/villa-harmonie\/\"><img loading=\"lazy\" decoding=\"async\" width=\"892\" height=\"892\" src=\"https:\/\/villaharmonie-antibes.com\/wp-content\/uploads\/2023\/01\/chambre1-1-892x892.jpg\" class=\"attachment-booklium-square size-booklium-square\" alt=\"\" aria-describedby=\"mphb-flexslider-gallery-1-1778\" srcset=\"https:\/\/villaharmonie-antibes.com\/wp-content\/uploads\/2023\/01\/chambre1-1-892x892.jpg 892w, https:\/\/villaharmonie-antibes.com\/wp-content\/uploads\/2023\/01\/chambre1-1-150x150.jpg 150w\" sizes=\"auto, (max-width: 892px) 100vw, 892px\" \/><\/a>\n\t\t\t<\/span><\/li><li class='gallery-item'><span class='gallery-icon portrait'>\n\t\t\t\t<a href=\"https:\/\/villaharmonie-antibes.com\/fr\/accommodation\/villa-harmonie\/\"><img loading=\"lazy\" decoding=\"async\" width=\"480\" height=\"640\" src=\"https:\/\/villaharmonie-antibes.com\/wp-content\/uploads\/2023\/01\/sam4-1.jpg\" class=\"attachment-booklium-square size-booklium-square\" alt=\"\" aria-describedby=\"mphb-flexslider-gallery-1-1926\" srcset=\"https:\/\/villaharmonie-antibes.com\/wp-content\/uploads\/2023\/01\/sam4-1.jpg 480w, https:\/\/villaharmonie-antibes.com\/wp-content\/uploads\/2023\/01\/sam4-1-225x300.jpg 225w\" sizes=\"auto, (max-width: 480px) 100vw, 480px\" \/><\/a>\n\t\t\t<\/span><\/li><li class='gallery-item'><span class='gallery-icon landscape'>\n\t\t\t\t<a href=\"https:\/\/villaharmonie-antibes.com\/fr\/accommodation\/villa-harmonie\/\"><img loading=\"lazy\" decoding=\"async\" width=\"892\" height=\"892\" src=\"https:\/\/villaharmonie-antibes.com\/wp-content\/uploads\/2023\/01\/chambre6-1-892x892.jpg\" class=\"attachment-booklium-square size-booklium-square\" alt=\"\" srcset=\"https:\/\/villaharmonie-antibes.com\/wp-content\/uploads\/2023\/01\/chambre6-1-892x892.jpg 892w, https:\/\/villaharmonie-antibes.com\/wp-content\/uploads\/2023\/01\/chambre6-1-150x150.jpg 150w\" sizes=\"auto, (max-width: 892px) 100vw, 892px\" \/><\/a>\n\t\t\t<\/span><\/li><li class='gallery-item'><span class='gallery-icon landscape'>\n\t\t\t\t<a href=\"https:\/\/villaharmonie-antibes.com\/fr\/accommodation\/villa-harmonie\/\"><img loading=\"lazy\" decoding=\"async\" width=\"892\" height=\"892\" src=\"https:\/\/villaharmonie-antibes.com\/wp-content\/uploads\/2023\/01\/ch9-1-892x892.jpg\" class=\"attachment-booklium-square size-booklium-square\" alt=\"\" srcset=\"https:\/\/villaharmonie-antibes.com\/wp-content\/uploads\/2023\/01\/ch9-1-892x892.jpg 892w, https:\/\/villaharmonie-antibes.com\/wp-content\/uploads\/2023\/01\/ch9-1-150x150.jpg 150w\" sizes=\"auto, (max-width: 892px) 100vw, 892px\" \/><\/a>\n\t\t\t<\/span><\/li><li class='gallery-item'><span class='gallery-icon landscape'>\n\t\t\t\t<a href=\"https:\/\/villaharmonie-antibes.com\/fr\/accommodation\/villa-harmonie\/\"><img loading=\"lazy\" decoding=\"async\" width=\"892\" height=\"892\" src=\"https:\/\/villaharmonie-antibes.com\/wp-content\/uploads\/2023\/01\/sdb1-1-892x892.jpg\" class=\"attachment-booklium-square size-booklium-square\" alt=\"\" aria-describedby=\"mphb-flexslider-gallery-1-1902\" srcset=\"https:\/\/villaharmonie-antibes.com\/wp-content\/uploads\/2023\/01\/sdb1-1-892x892.jpg 892w, https:\/\/villaharmonie-antibes.com\/wp-content\/uploads\/2023\/01\/sdb1-1-150x150.jpg 150w\" sizes=\"auto, (max-width: 892px) 100vw, 892px\" \/><\/a>\n\t\t\t<\/span><\/li><li class='gallery-item'><span class='gallery-icon landscape'>\n\t\t\t\t<a href=\"https:\/\/villaharmonie-antibes.com\/fr\/accommodation\/villa-harmonie\/\"><img loading=\"lazy\" decoding=\"async\" width=\"892\" height=\"892\" src=\"https:\/\/villaharmonie-antibes.com\/wp-content\/uploads\/2023\/01\/ch13-892x892.jpg\" class=\"attachment-booklium-square size-booklium-square\" alt=\"\" aria-describedby=\"mphb-flexslider-gallery-1-1906\" srcset=\"https:\/\/villaharmonie-antibes.com\/wp-content\/uploads\/2023\/01\/ch13-892x892.jpg 892w, https:\/\/villaharmonie-antibes.com\/wp-content\/uploads\/2023\/01\/ch13-150x150.jpg 150w\" sizes=\"auto, (max-width: 892px) 100vw, 892px\" \/><\/a>\n\t\t\t<\/span><\/li><li class='gallery-item'><span class='gallery-icon landscape'>\n\t\t\t\t<a href=\"https:\/\/villaharmonie-antibes.com\/fr\/accommodation\/villa-harmonie\/\"><img loading=\"lazy\" decoding=\"async\" width=\"892\" height=\"892\" src=\"https:\/\/villaharmonie-antibes.com\/wp-content\/uploads\/2023\/01\/sign-1-892x892.jpg\" class=\"attachment-booklium-square size-booklium-square\" alt=\"\" aria-describedby=\"mphb-flexslider-gallery-1-1811\" srcset=\"https:\/\/villaharmonie-antibes.com\/wp-content\/uploads\/2023\/01\/sign-1-892x892.jpg 892w, https:\/\/villaharmonie-antibes.com\/wp-content\/uploads\/2023\/01\/sign-1-150x150.jpg 150w\" sizes=\"auto, (max-width: 892px) 100vw, 892px\" \/><\/a>\n\t\t\t<\/span><\/li><li class='gallery-item'><span class='gallery-icon '>\n\t\t\t\t<a href=\"https:\/\/villaharmonie-antibes.com\/fr\/accommodation\/villa-harmonie\/\"><img loading=\"lazy\" decoding=\"async\" width=\"1\" height=\"1\" src=\"https:\/\/villaharmonie-antibes.com\/wp-content\/uploads\/2023\/01\/sam5.jpg\" class=\"attachment-booklium-square size-booklium-square\" alt=\"\" aria-describedby=\"mphb-flexslider-gallery-1-1888\" \/><\/a>\n\t\t\t<\/span><\/li><\/ul>\n\t\t<\/div>\n\n\t<\/div>\n\t            <\/div>\n\t\t\t            <div class=\"loop-room-info-wrapper\">\n\t\t\t\t\n<h2 class=\"mphb-room-type-title entry-title\">\n\n<a class=\"mphb-room-type-title\" href=\"https:\/\/villaharmonie-antibes.com\/fr\/accommodation\/villa-harmonie\/\">Villa Harmonie<\/a>\n\n<\/h2>    <ul class=\"loop-room-short-attributes\">\n\t\t<li class=\"mphb-room-type-total-capacity\"><span class=\"mphb-attribute-title mphb-total-capacity-title\">Invit\u00e9s:<\/span><span class=\"mphb-attribute-value\">\n\t6\n\t<\/span><\/li>\t\n\n\n\n\n\t<li class=\"mphb-room-type-size\"><span class=\"mphb-attribute-title mphb-size-title\">Taille :<\/span><span class=\"mphb-attribute-value\">\n\t110m\u00b2\n\t<\/span><\/li>\n\t    <\/ul>\n\t\n\n<p>La Villa Harmonie vous propose un s\u00e9jour authentique dans une petite villa proven\u00e7ale de caract\u00e8re enti\u00e8rement r\u00e9nov\u00e9e, avec acc\u00e8s facile aux commerces, aux plages et au centre ville d&rsquo;Antibes.<\/p>\n\n\n<ul class=\"mphb-loop-room-type-attributes\">\n\n\n\n\t<li class=\"mphb-room-type-view\"><span class=\"mphb-attribute-title mphb-view-title\">Vue :<\/span><span class=\"mphb-attribute-value\">\n\tResidentiel\n\t<\/span><\/li>\n\t\n\n\t<li class=\"mphb-room-type-bed-type\"><span  class=\"mphb-attribute-title mphb-bed-type-title\">Type de lit :<\/span><span class=\"mphb-attribute-value\">\n\t1 lit double en 160, 1 lit double en 140, 2 lits gigogne\n\t<\/span><\/li>\n\t\n\n\n\t<li class=\"mphb-room-type-facilities\"><span class=\"mphb-attribute-title mphb-facilities-title\">\u00c9quipements :<\/span><span class=\"mphb-attribute-value\"> <span class=\"facility-chauffage-central\"><a href=\"https:\/\/villaharmonie-antibes.com\/fr\/accommodation-facility\/chauffage-central\/\">Chauffage central<\/a><\/span>, <span class=\"facility-climatisation\"><a href=\"https:\/\/villaharmonie-antibes.com\/fr\/accommodation-facility\/climatisation\/\">Climatisation<\/a><\/span>, <span class=\"facility-parking-prive\"><a href=\"https:\/\/villaharmonie-antibes.com\/fr\/accommodation-facility\/parking-prive\/\">Parking priv\u00e9<\/a><\/span>, <span class=\"facility-seche-cheveux\"><a href=\"https:\/\/villaharmonie-antibes.com\/fr\/accommodation-facility\/seche-cheveux\/\">S\u00e8che cheveux<\/a><\/span>, <span class=\"facility-serviettes-et-linge-de-maison\"><a href=\"https:\/\/villaharmonie-antibes.com\/fr\/accommodation-facility\/serviettes-et-linge-de-maison\/\">Serviettes et linge de maison<\/a><\/span>, <span class=\"facility-terrasse\"><a href=\"https:\/\/villaharmonie-antibes.com\/fr\/accommodation-facility\/terrasse\/\">Terrasse<\/a><\/span>, <span class=\"facility-wi-fi-fr\"><a href=\"https:\/\/villaharmonie-antibes.com\/fr\/accommodation-facility\/wi-fi-fr\/\">Wi-Fi<\/a><\/span><\/span><\/li>\n\t\n<\/ul>            <\/div>\n\t\t            <div class=\"loop-room-book-wrapper\">\n\t\t\t\t\n\n<div class=\"mphb-to-book-btn-wrapper\">\n<form action=\"https:\/\/villaharmonie-antibes.com\/fr\/accommodation\/villa-harmonie\/#booking-form-1855\" method=\"get\" ><button type=\"submit\" class=\"button mphb-book-button\" >R\u00e9server<\/button><\/form>\n<br\/><\/div>            <\/div>\n\t\t    <\/div>\n\n\t\n<\/div><\/div>","protected":false},"excerpt":{"rendered":"","protected":false},"author":1,"featured_media":0,"parent":0,"menu_order":0,"comment_status":"closed","ping_status":"closed","template":"","meta":{"footnotes":""},"class_list":["post-1851","page","type-page","status-publish","hentry"],"yoast_head":"<!-- This site is optimized with the Yoast SEO plugin v27.5 - https:\/\/yoast.com\/product\/yoast-seo-wordpress\/ -->\n<title>R\u00e9server - Villa Harmonie Antibes<\/title>\n<meta name=\"robots\" content=\"index, follow, max-snippet:-1, max-image-preview:large, max-video-preview:-1\" \/>\n<link rel=\"canonical\" href=\"https:\/\/villaharmonie-antibes.com\/fr\/reservation\/\" \/>\n<meta property=\"og:locale\" content=\"fr_FR\" \/>\n<meta property=\"og:type\" content=\"article\" \/>\n<meta property=\"og:title\" content=\"R\u00e9server - Villa Harmonie Antibes\" \/>\n<meta property=\"og:url\" content=\"https:\/\/villaharmonie-antibes.com\/fr\/reservation\/\" \/>\n<meta property=\"og:site_name\" content=\"Villa Harmonie Antibes\" \/>\n<meta property=\"article:modified_time\" content=\"2023-01-09T18:44:21+00:00\" \/>\n<meta name=\"twitter:card\" content=\"summary_large_image\" \/>\n<script type=\"application\/ld+json\" class=\"yoast-schema-graph\">{\"@context\":\"https:\\\/\\\/schema.org\",\"@graph\":[{\"@type\":\"WebPage\",\"@id\":\"https:\\\/\\\/villaharmonie-antibes.com\\\/fr\\\/reservation\\\/\",\"url\":\"https:\\\/\\\/villaharmonie-antibes.com\\\/fr\\\/reservation\\\/\",\"name\":\"R\u00e9server - Villa Harmonie Antibes\",\"isPartOf\":{\"@id\":\"https:\\\/\\\/villaharmonie-antibes.com\\\/fr\\\/#website\"},\"datePublished\":\"2023-01-04T12:10:33+00:00\",\"dateModified\":\"2023-01-09T18:44:21+00:00\",\"breadcrumb\":{\"@id\":\"https:\\\/\\\/villaharmonie-antibes.com\\\/fr\\\/reservation\\\/#breadcrumb\"},\"inLanguage\":\"fr-FR\",\"potentialAction\":[{\"@type\":\"ReadAction\",\"target\":[\"https:\\\/\\\/villaharmonie-antibes.com\\\/fr\\\/reservation\\\/\"]}]},{\"@type\":\"BreadcrumbList\",\"@id\":\"https:\\\/\\\/villaharmonie-antibes.com\\\/fr\\\/reservation\\\/#breadcrumb\",\"itemListElement\":[{\"@type\":\"ListItem\",\"position\":1,\"name\":\"Home\",\"item\":\"https:\\\/\\\/villaharmonie-antibes.com\\\/fr\\\/\"},{\"@type\":\"ListItem\",\"position\":2,\"name\":\"R\u00e9server\"}]},{\"@type\":\"WebSite\",\"@id\":\"https:\\\/\\\/villaharmonie-antibes.com\\\/fr\\\/#website\",\"url\":\"https:\\\/\\\/villaharmonie-antibes.com\\\/fr\\\/\",\"name\":\"Villa Harmonie Antibes\",\"description\":\"Location villa de caract\u00e8re \u00e0 Antibes\",\"publisher\":{\"@id\":\"https:\\\/\\\/villaharmonie-antibes.com\\\/fr\\\/#organization\"},\"potentialAction\":[{\"@type\":\"SearchAction\",\"target\":{\"@type\":\"EntryPoint\",\"urlTemplate\":\"https:\\\/\\\/villaharmonie-antibes.com\\\/fr\\\/?s={search_term_string}\"},\"query-input\":{\"@type\":\"PropertyValueSpecification\",\"valueRequired\":true,\"valueName\":\"search_term_string\"}}],\"inLanguage\":\"fr-FR\"},{\"@type\":\"Organization\",\"@id\":\"https:\\\/\\\/villaharmonie-antibes.com\\\/fr\\\/#organization\",\"name\":\"Villa Harmonie Antibes\",\"url\":\"https:\\\/\\\/villaharmonie-antibes.com\\\/fr\\\/\",\"logo\":{\"@type\":\"ImageObject\",\"inLanguage\":\"fr-FR\",\"@id\":\"https:\\\/\\\/villaharmonie-antibes.com\\\/fr\\\/#\\\/schema\\\/logo\\\/image\\\/\",\"url\":\"https:\\\/\\\/villaharmonie-antibes.com\\\/wp-content\\\/uploads\\\/2022\\\/12\\\/cropped-2022-12-27_14-36-39.jpg\",\"contentUrl\":\"https:\\\/\\\/villaharmonie-antibes.com\\\/wp-content\\\/uploads\\\/2022\\\/12\\\/cropped-2022-12-27_14-36-39.jpg\",\"width\":512,\"height\":512,\"caption\":\"Villa Harmonie Antibes\"},\"image\":{\"@id\":\"https:\\\/\\\/villaharmonie-antibes.com\\\/fr\\\/#\\\/schema\\\/logo\\\/image\\\/\"}}]}<\/script>\n<!-- \/ Yoast SEO plugin. -->","yoast_head_json":{"title":"R\u00e9server - Villa Harmonie Antibes","robots":{"index":"index","follow":"follow","max-snippet":"max-snippet:-1","max-image-preview":"max-image-preview:large","max-video-preview":"max-video-preview:-1"},"canonical":"https:\/\/villaharmonie-antibes.com\/fr\/reservation\/","og_locale":"fr_FR","og_type":"article","og_title":"R\u00e9server - Villa Harmonie Antibes","og_url":"https:\/\/villaharmonie-antibes.com\/fr\/reservation\/","og_site_name":"Villa Harmonie Antibes","article_modified_time":"2023-01-09T18:44:21+00:00","twitter_card":"summary_large_image","schema":{"@context":"https:\/\/schema.org","@graph":[{"@type":"WebPage","@id":"https:\/\/villaharmonie-antibes.com\/fr\/reservation\/","url":"https:\/\/villaharmonie-antibes.com\/fr\/reservation\/","name":"R\u00e9server - Villa Harmonie Antibes","isPartOf":{"@id":"https:\/\/villaharmonie-antibes.com\/fr\/#website"},"datePublished":"2023-01-04T12:10:33+00:00","dateModified":"2023-01-09T18:44:21+00:00","breadcrumb":{"@id":"https:\/\/villaharmonie-antibes.com\/fr\/reservation\/#breadcrumb"},"inLanguage":"fr-FR","potentialAction":[{"@type":"ReadAction","target":["https:\/\/villaharmonie-antibes.com\/fr\/reservation\/"]}]},{"@type":"BreadcrumbList","@id":"https:\/\/villaharmonie-antibes.com\/fr\/reservation\/#breadcrumb","itemListElement":[{"@type":"ListItem","position":1,"name":"Home","item":"https:\/\/villaharmonie-antibes.com\/fr\/"},{"@type":"ListItem","position":2,"name":"R\u00e9server"}]},{"@type":"WebSite","@id":"https:\/\/villaharmonie-antibes.com\/fr\/#website","url":"https:\/\/villaharmonie-antibes.com\/fr\/","name":"Villa Harmonie Antibes","description":"Location villa de caract\u00e8re \u00e0 Antibes","publisher":{"@id":"https:\/\/villaharmonie-antibes.com\/fr\/#organization"},"potentialAction":[{"@type":"SearchAction","target":{"@type":"EntryPoint","urlTemplate":"https:\/\/villaharmonie-antibes.com\/fr\/?s={search_term_string}"},"query-input":{"@type":"PropertyValueSpecification","valueRequired":true,"valueName":"search_term_string"}}],"inLanguage":"fr-FR"},{"@type":"Organization","@id":"https:\/\/villaharmonie-antibes.com\/fr\/#organization","name":"Villa Harmonie Antibes","url":"https:\/\/villaharmonie-antibes.com\/fr\/","logo":{"@type":"ImageObject","inLanguage":"fr-FR","@id":"https:\/\/villaharmonie-antibes.com\/fr\/#\/schema\/logo\/image\/","url":"https:\/\/villaharmonie-antibes.com\/wp-content\/uploads\/2022\/12\/cropped-2022-12-27_14-36-39.jpg","contentUrl":"https:\/\/villaharmonie-antibes.com\/wp-content\/uploads\/2022\/12\/cropped-2022-12-27_14-36-39.jpg","width":512,"height":512,"caption":"Villa Harmonie Antibes"},"image":{"@id":"https:\/\/villaharmonie-antibes.com\/fr\/#\/schema\/logo\/image\/"}}]}},"_links":{"self":[{"href":"https:\/\/villaharmonie-antibes.com\/fr\/wp-json\/wp\/v2\/pages\/1851","targetHints":{"allow":["GET"]}}],"collection":[{"href":"https:\/\/villaharmonie-antibes.com\/fr\/wp-json\/wp\/v2\/pages"}],"about":[{"href":"https:\/\/villaharmonie-antibes.com\/fr\/wp-json\/wp\/v2\/types\/page"}],"author":[{"embeddable":true,"href":"https:\/\/villaharmonie-antibes.com\/fr\/wp-json\/wp\/v2\/users\/1"}],"replies":[{"embeddable":true,"href":"https:\/\/villaharmonie-antibes.com\/fr\/wp-json\/wp\/v2\/comments?post=1851"}],"version-history":[{"count":5,"href":"https:\/\/villaharmonie-antibes.com\/fr\/wp-json\/wp\/v2\/pages\/1851\/revisions"}],"predecessor-version":[{"id":2090,"href":"https:\/\/villaharmonie-antibes.com\/fr\/wp-json\/wp\/v2\/pages\/1851\/revisions\/2090"}],"wp:attachment":[{"href":"https:\/\/villaharmonie-antibes.com\/fr\/wp-json\/wp\/v2\/media?parent=1851"}],"curies":[{"name":"wp","href":"https:\/\/api.w.org\/{rel}","templated":true}]}}